{"id":3,"date":"2022-09-10T15:12:10","date_gmt":"2022-09-10T13:12:10","guid":{"rendered":"http:\/\/deinphysio.at\/?page_id=3"},"modified":"2024-06-16T20:35:25","modified_gmt":"2024-06-16T18:35:25","slug":"datenschutzerklaerung","status":"publish","type":"page","link":"https:\/\/www.deinphysio.at\/?page_id=3","title":{"rendered":"Impressum und Datenschutzerkl\u00e4rung"},"content":{"rendered":"<div class=\"fusion-fullwidth fullwidth-box fusion-builder-row-1 fusion-flex-container nonhundred-percent-fullwidth non-hundred-percent-height-scrolling\" style=\"background-color: rgba(255,255,255,0);background-position: center center;background-repeat: no-repeat;border-width: 0px 0px 0px 0px;border-color:var(--awb-color3);border-style:solid;\" ><div class=\"fusion-builder-row fusion-row fusion-flex-align-items-flex-start\" style=\"max-width:1248px;margin-left: calc(-4% \/ 2 );margin-right: calc(-4% \/ 2 );\"><div class=\"fusion-layout-column fusion_builder_column fusion-builder-column-0 fusion_builder_column_1_1 1_1 fusion-flex-column\"><div class=\"fusion-column-wrapper fusion-flex-justify-content-flex-start fusion-content-layout-column\" style=\"background-position:left top;background-repeat:no-repeat;-webkit-background-size:cover;-moz-background-size:cover;-o-background-size:cover;background-size:cover;padding: 0px 0px 0px 0px;\"><div class=\"fusion-text fusion-text-1\"><h4>Impressum<\/h4>\n<p><b>Informationen und Offenlegung gem\u00e4\u00df \u00a75 (1) ECG, \u00a7 25 MedienG, \u00a7 63 GewO und \u00a7 14 UGB<\/b><\/p>\n<p><b>Webseitenbetreiber:<\/b> Physiotherapie Lisa Reitner<\/p>\n<p><b>Anschrift:<\/b> Am Pfarrerfeld 1, 4840 V\u00f6cklabruck<\/p>\n<p><b>UID-Nr:<\/b><br \/>\n<b>Gewerbeaufsichtbeh\u00f6rde:<\/b> BH Gmunden<br \/>\n<b>Mitgliedschaften:<\/b><\/p>\n<p><b>Kontaktdaten:<\/b><br \/>\nTelefon: +43 (0)676\/6620285<br \/>\nEmail: praxis@deinphysio.at<br \/>\nFax:<\/p>\n<p><b>Anwendbare Rechtsvorschrift:<\/b> www.ris.bka.gv.at<br \/>\n<b>Berufsbezeichnung:<\/b> Physiotherapie<\/p>\n<p><b>Online Streitbeilegung:<\/b> Verbraucher, welche in \u00d6sterreich oder in einem sonstigen Vertragsstaat der ODR-VO niedergelassen sind, haben die M\u00f6glichkeit Probleme bez\u00fcglich dem entgeltlichen Kauf von Waren oder Dienstleistungen im Rahmen einer Online-Streitbeilegung (nach OS, AStG) zu l\u00f6sen. Die Europa\u0308ische Kommission stellt eine Plattform hierf\u00fcr bereit: https:\/\/ec.europa.eu\/consumers\/odr<\/p>\n<p><b>Urheberrecht:<\/b> Die Inhalte dieser Webseite unterliegen, soweit dies rechtlich m\u00f6glich ist, diversen Schutzrechten (z.B dem Urheberrecht). Jegliche Verwendung\/Verbreitung von bereitgestelltem Material, welche urheberrechtlich untersagt ist, bedarf schriftlicher Zustimmung des Webseitenbetreibers.<\/p>\n<p><b>Haftungsausschluss:<\/b> Trotz sorgf\u00e4ltiger inhaltlicher Kontrolle \u00fcbernimmt der Webseitenbetreiber dieser Webseite keine Haftung f\u00fcr die Inhalte externer Links. F\u00fcr den Inhalt der verlinkten Seiten sind ausschlie\u00dflich deren Betreiber verantwortlich. Sollten Sie dennoch auf ausgehende Links aufmerksam werden, welche auf eine Webseite mit rechtswidriger T\u00e4tigkeit\/Information verweisen, ersuchen wir um dementsprechenden Hinweis, um diese nach \u00a7 17 Abs. 2 ECG umgehend zu entfernen.<br \/>\nDie Urheberrechte Dritter werden vom Betreiber dieser Webseite mit gr\u00f6\u00dfter Sorgfalt beachtet. Sollten Sie trotzdem auf eine Urheberrechtsverletzung aufmerksam werden, bitten wir um einen entsprechenden Hinweis. Bei Bekanntwerden derartiger Rechtsverletzungen werden wir den betroffenen Inhalt umgehend entfernen.<\/p>\n<p>Quelle: <b><a href=\"https:\/\/ghostweb.agency\">Impressum-Generator von Ghostweb.agency<\/a><\/b><\/p>\n<\/div><div class=\"fusion-text fusion-text-2\"><h3>Erkl\u00e4rung zur Informationspflicht<\/h3>\n<p align=\"center\"><strong>Datenschutzerkl\u00e4rung<\/strong><\/p>\n<p>In folgender Datenschutzerkl\u00e4rung informieren wir Sie \u00fcber die wichtigsten Aspekte der Datenverarbeitung im Rahmen unserer Webseite. Wir erheben und verarbeiten personenbezogene Daten nur auf Grundlage der gesetzlichen Bestimmungen (Datenschutzgrundverordnung, Telekommunikationsgesetz 2003).<\/p>\n<p>Sobald Sie als Benutzer auf unsere Webseite zugreifen oder diese besuchen wird Ihre IP-Adresse, Beginn sowie Beginn und Ende der Sitzung erfasst. Dies ist technisch bedingt und stellt somit ein berechtigtes Interesse iSv Art 6 Abs 1 lit f DSGVO.<\/p>\n<h5>Kontakt mit uns<\/h5>\n<p>Wenn Sie uns, entweder \u00fcber unser Kontaktformular auf unserer Webseite, oder per Email kontaktieren, dann werden die von Ihnen an uns \u00fcbermittelten Daten zwecks Bearbeitung Ihrer Anfrage oder f\u00fcr den Fall von weiteren Anschlussfragen f\u00fcr sechs Monate bei uns gespeichert. Es erfolgt, ohne Ihre Einwilligung, keine Weitergabe Ihrer \u00fcbermittelten Daten.<\/p>\n<h5>Cookies<\/h5>\n<p>Unsere Website verwendet so genannte Cookies. Dabei handelt es sich um kleine Textdateien, die mit Hilfe des Browsers auf Ihrem Endger\u00e4t abgelegt werden. Sie richten keinen Schaden an. Wir nutzen Cookies dazu, unser Angebot nutzerfreundlich zu gestalten. Einige Cookies bleiben auf Ihrem Endger\u00e4t gespeichert, bis Sie diese l\u00f6schen. Sie erm\u00f6glichen es uns, Ihren Browser beim n\u00e4chsten Besuch wiederzuerkennen. Wenn Sie dies nicht w\u00fcnschen, so k\u00f6nnen Sie Ihren Browser so einrichten, dass er Sie \u00fcber das Setzen von Cookies informiert und Sie dies nur im Einzelfall erlauben. Bei der Deaktivierung von Cookies kann die Funktionalit\u00e4t unserer Website eingeschr\u00e4nkt sein.<\/p>\n<h5>Google Fonts<\/h5>\n<p>Unsere Website verwendet Schriftarten von \u201eGoogle Fonts\u201c. Der Dienstanbieter dieser Funktion ist:<\/p>\n<ul>\n<li>Google Ireland Limited Gordon House, Barrow Street Dublin 4. Ireland<\/li>\n<\/ul>\n<p>Tel: +353 1 543 1000<\/p>\n<p>Beim Aufrufen dieser Webseite l\u00e4dt Ihr Browser Schriftarten und speichert diese in den Cache. Da Sie, als Besucher der Webseite, Daten des Dienstanbieters empfangen kann Google unter Umst\u00e4nden Cookies auf Ihrem Rechner setzen oder analysieren.<\/p>\n<p>Die Nutzung von \u201eGoogle-Fonts\u201c dient der Optimierung unserer Dienstleistung und der einheitlichen Darstellung von Inhalten. Dies stellt ein berechtigtes Interesse im Sinne von Art. 6 Abs. 1 lit. f DSGVO dar.<\/p>\n<p>Weitere Informationen zu Google Fonts erhalten Sie unter folgendem Link:<\/p>\n<ul>\n<li><a href=\"https:\/\/developers.google.com\/fonts\/faq\"> https:\/\/developers.google.com\/fonts\/faq <\/a><\/li>\n<\/ul>\n<p>Weitere Informationen \u00fcber den Umgang mit Nutzerdaten von Google k\u00f6nnen Sie der Datenschutzerkl\u00e4rung entnehmen:<\/p>\n<ul>\n<li><a href=\"https:\/\/policies.google.com\/privacy?hl=de\"> https:\/\/policies.google.com\/privacy?hl=de <\/a> .<\/li>\n<\/ul>\n<p>Google verarbeitet die Daten auch in den USA, hat sich jedoch dem<br \/>\nEU-US Privacy-Shield unterworfen.<\/p>\n<p><a href=\"https:\/\/www.privacyshield.gov\/EU-US-Framework\"> https:\/\/www.privacyshield.gov\/EU-US-Framework <\/a><\/p>\n<h5>Server-Log Files<\/h5>\n<p>Diese Webseite und der damit verbundene Provider erhebt im Zuge der Webseitennutzung automatisch Informationen im Rahmen sogenannter \u201eServer-Log Files\u201c. Dies betrifft insbesondere:<\/p>\n<ul>\n<li>IP-Adresse oder Hostname<\/li>\n<li>den verwendeten Browser<\/li>\n<li>Aufenthaltsdauer auf der Webseite sowie Datum und Uhrzeit<\/li>\n<li>aufgerufene Seiten der Webseite<\/li>\n<li>Spracheinstellungen und Betriebssystem<\/li>\n<li>\u201eLeaving-Page\u201c (auf welcher URL hat der Benutzer die Webseite verlassen)<\/li>\n<li>ISP (Internet Service Provider)<\/li>\n<\/ul>\n<p>Diese erhobenen Informationen werden nicht personenbezogen verarbeitet oder mit personenbezogenen Daten in Verbindung gebracht.<\/p>\n<p>Der Webseitenbetreiber beh\u00e4lt es sich vor, im Falle von Bekanntwerden rechtswidriger T\u00e4tigkeiten, diese Daten auszuwerten oder zu \u00fcberpr\u00fcfen.<\/p>\n<h5>Ihre Rechte als Betroffener<\/h5>\n<p>Sie als Betroffener haben bez\u00fcglich Ihrer Daten, welche bei uns gespeichert sind grunds\u00e4tzlich ein Recht auf:<\/p>\n<ul>\n<li>Auskunft<\/li>\n<li>L\u00f6schung der Daten<\/li>\n<li>Berichtigung der Daten<\/li>\n<li>\u00dcbertragbarkeit der Daten<\/li>\n<li>Wiederruf und Widerspruch zur Datenverarbeitung<\/li>\n<li>Einschr\u00e4nkung<\/li>\n<\/ul>\n<p>Wenn sie vermuten, dass im Zuge der Verarbeitung Ihrer Daten Verst\u00f6\u00dfe gegen das Datenschutzrecht passiert sind, so haben Sie die M\u00f6glichkeit sich bei uns (praxis@deinphysio.at) oder der Datenschutzbeh\u00f6rde zu beschweren.<\/p>\n<h5>Sie erreichen uns unter folgenden Kontaktdaten:<\/h5>\n<p><b>Webseitenbetreiber:<\/b> Dein Physio Lisa Reitner<br \/>\n<b>Telefonnummer:<\/b> +43 (0)676\/6620285<br \/>\n<b>Email:<\/b> praxis@deinphysio.at<\/p>\n<p>Quelle: <b><a href=\"https:\/\/ghostweb.agency\">Impressum-Generator von Ghostweb.agency<\/a><\/b><\/p>\n<\/div><\/div><style type=\"text\/css\">.fusion-body .fusion-builder-column-0{width:100% !important;margin-top : 0px;margin-bottom : 0px;}.fusion-builder-column-0 > .fusion-column-wrapper {padding-top : 0px !important;padding-right : 0px !important;margin-right : 1.92%;padding-bottom : 0px !important;padding-left : 0px !important;margin-left : 1.92%;}@media only screen and (max-width:1024px) {.fusion-body .fusion-builder-column-0{width:100% !important;}.fusion-builder-column-0 > .fusion-column-wrapper {margin-right : 1.92%;margin-left : 1.92%;}}@media only screen and (max-width:640px) {.fusion-body .fusion-builder-column-0{width:100% !important;}.fusion-builder-column-0 > .fusion-column-wrapper {margin-right : 1.92%;margin-left : 1.92%;}}<\/style><\/div><\/div><style type=\"text\/css\">.fusion-body .fusion-flex-container.fusion-builder-row-1{ padding-top : 0px;margin-top : 0px;padding-right : 0px;padding-bottom : 0px;margin-bottom : 0px;padding-left : 0px;}<\/style><\/div>\n","protected":false},"excerpt":{"rendered":"","protected":false},"author":1,"featured_media":0,"parent":0,"menu_order":0,"comment_status":"closed","ping_status":"open","template":"","meta":{"_themeisle_gutenberg_block_has_review":false,"footnotes":""},"class_list":["post-3","page","type-page","status-publish","hentry"],"_links":{"self":[{"href":"https:\/\/www.deinphysio.at\/index.php?rest_route=\/wp\/v2\/pages\/3","targetHints":{"allow":["GET"]}}],"collection":[{"href":"https:\/\/www.deinphysio.at\/index.php?rest_route=\/wp\/v2\/pages"}],"about":[{"href":"https:\/\/www.deinphysio.at\/index.php?rest_route=\/wp\/v2\/types\/page"}],"author":[{"embeddable":true,"href":"https:\/\/www.deinphysio.at\/index.php?rest_route=\/wp\/v2\/users\/1"}],"replies":[{"embeddable":true,"href":"https:\/\/www.deinphysio.at\/index.php?rest_route=%2Fwp%2Fv2%2Fcomments&post=3"}],"version-history":[{"count":6,"href":"https:\/\/www.deinphysio.at\/index.php?rest_route=\/wp\/v2\/pages\/3\/revisions"}],"predecessor-version":[{"id":1663,"href":"https:\/\/www.deinphysio.at\/index.php?rest_route=\/wp\/v2\/pages\/3\/revisions\/1663"}],"wp:attachment":[{"href":"https:\/\/www.deinphysio.at\/index.php?rest_route=%2Fwp%2Fv2%2Fmedia&parent=3"}],"curies":[{"name":"wp","href":"https:\/\/api.w.org\/{rel}","templated":true}]}}